{"id":1329,"date":"2024-09-08T22:38:33","date_gmt":"2024-09-08T22:38:33","guid":{"rendered":"https:\/\/ocunor.com\/?page_id=1329"},"modified":"2024-09-08T22:53:41","modified_gmt":"2024-09-08T22:53:41","slug":"politicas-del-sg-sst","status":"publish","type":"page","link":"https:\/\/ocunor.com\/index.php\/nosotros\/politicas-del-sg-sst\/","title":{"rendered":"Pol\u00edticas del SG-SST"},"content":{"rendered":"\t\t<div data-elementor-type=\"wp-post\" data-elementor-id=\"1329\" class=\"elementor elementor-1329\">\n\t\t\t\t\t\t<section class=\"elementor-section elementor-top-section elementor-element elementor-element-3f04e2e elementor-section-boxed elementor-section-height-default elementor-section-height-default\" data-id=\"3f04e2e\" data-element_type=\"section\" data-settings=\"{&quot;background_background&quot;:&quot;classic&quot;}\">\n\t\t\t\t\t\t<div class=\"elementor-container elementor-column-gap-default\">\n\t\t\t\t\t<div class=\"elementor-column elementor-col-100 elementor-top-column elementor-element elementor-element-743a00a\" data-id=\"743a00a\" data-element_type=\"column\">\n\t\t\t<div class=\"elementor-widget-wrap\">\n\t\t\t\t\t\t\t<\/div>\n\t\t<\/div>\n\t\t\t\t\t<\/div>\n\t\t<\/section>\n\t\t\t\t<section class=\"elementor-section elementor-top-section elementor-element elementor-element-6eb0ea9 elementor-section-boxed elementor-section-height-default elementor-section-height-default\" data-id=\"6eb0ea9\" data-element_type=\"section\">\n\t\t\t\t\t\t<div class=\"elementor-container elementor-column-gap-default\">\n\t\t\t\t\t<div class=\"elementor-column elementor-col-100 elementor-top-column elementor-element elementor-element-f5ba6d1\" data-id=\"f5ba6d1\" data-element_type=\"column\">\n\t\t\t<div class=\"elementor-widget-wrap elementor-element-populated\">\n\t\t\t\t\t\t<div class=\"elementor-element elementor-element-7f6b44d elementor-widget elementor-widget-spacer\" data-id=\"7f6b44d\" data-element_type=\"widget\" data-widget_type=\"spacer.default\">\n\t\t\t\t<div class=\"elementor-widget-container\">\n\t\t\t\t\t\t\t<div class=\"elementor-spacer\">\n\t\t\t<div class=\"elementor-spacer-inner\"><\/div>\n\t\t<\/div>\n\t\t\t\t\t\t<\/div>\n\t\t\t\t<\/div>\n\t\t\t\t\t<\/div>\n\t\t<\/div>\n\t\t\t\t\t<\/div>\n\t\t<\/section>\n\t\t\t\t<section class=\"elementor-section elementor-top-section elementor-element elementor-element-acc7d3a elementor-section-boxed elementor-section-height-default elementor-section-height-default\" data-id=\"acc7d3a\" data-element_type=\"section\">\n\t\t\t\t\t\t<div class=\"elementor-container elementor-column-gap-default\">\n\t\t\t\t\t<div class=\"elementor-column elementor-col-100 elementor-top-column elementor-element elementor-element-3e1a059\" data-id=\"3e1a059\" data-element_type=\"column\">\n\t\t\t<div class=\"elementor-widget-wrap elementor-element-populated\">\n\t\t\t\t\t\t<div class=\"elementor-element elementor-element-7514e7b elementor-widget__width-initial elementor-widget elementor-widget-text-editor\" data-id=\"7514e7b\" data-element_type=\"widget\" data-widget_type=\"text-editor.default\">\n\t\t\t\t<div class=\"elementor-widget-container\">\n\t\t\t\t\t\t\t\t\t<p><strong>IPS OCUNOR\u00a0 DOMICILIARIA SAS es una Instituci\u00f3n Prestadora de servicios de salud, consciente de la importancia del cuidado de la salud y la seguridad de todo nuestros pacientes, contratistas, proveedores y dem\u00e1s personal vinculado al desarrollo de sus procesos, se compromete a trav\u00e9s de la pol\u00edtica de seguridad y salud en el trabajo a dar cumplimiento a los requisitos legales y reglamentarios de esta \u00edndole, al igual que a brindar sitios de trabajo saludables y seguros con el prop\u00f3sito de minimizar los riesgos asociados a la prestaci\u00f3n de servicios de salud.<\/strong><\/p><p><strong>El compromiso de la IPS OCUNOR DOMICILIARIA SAS, es destinar los recursos humanos, f\u00edsicos y financieros necesarios para la planeaci\u00f3n, ejecuci\u00f3n y evaluaci\u00f3n del Sistema de Seguridad y Salud en el Trabajo, acorde con los factores de riesgo asociados a la prestaci\u00f3n de servicios en salud.<\/strong>\u00a0<\/p>\t\t\t\t\t\t\t\t<\/div>\n\t\t\t\t<\/div>\n\t\t\t\t\t<\/div>\n\t\t<\/div>\n\t\t\t\t\t<\/div>\n\t\t<\/section>\n\t\t\t\t<section class=\"elementor-section elementor-top-section elementor-element elementor-element-6bc8719 elementor-section-boxed elementor-section-height-default elementor-section-height-default\" data-id=\"6bc8719\" data-element_type=\"section\">\n\t\t\t\t\t\t<div class=\"elementor-container elementor-column-gap-default\">\n\t\t\t\t\t<div class=\"elementor-column elementor-col-100 elementor-top-column elementor-element elementor-element-9f93367\" data-id=\"9f93367\" data-element_type=\"column\">\n\t\t\t<div class=\"elementor-widget-wrap elementor-element-populated\">\n\t\t\t\t\t\t<div class=\"elementor-element elementor-element-8f7efb0 elementor-widget elementor-widget-spacer\" data-id=\"8f7efb0\" data-element_type=\"widget\" data-widget_type=\"spacer.default\">\n\t\t\t\t<div class=\"elementor-widget-container\">\n\t\t\t\t\t\t\t<div class=\"elementor-spacer\">\n\t\t\t<div class=\"elementor-spacer-inner\"><\/div>\n\t\t<\/div>\n\t\t\t\t\t\t<\/div>\n\t\t\t\t<\/div>\n\t\t\t\t\t<\/div>\n\t\t<\/div>\n\t\t\t\t\t<\/div>\n\t\t<\/section>\n\t\t\t\t<\/div>\n\t\t","protected":false},"excerpt":{"rendered":"<p>Pol\u00edticas del SG-SST Home IPS OCUNOR\u00a0 DOMICILIARIA SAS es una Instituci\u00f3n Prestadora de servicios de salud, consciente de la importancia del cuidado de la salud y la seguridad de todo nuestros pacientes, contratistas, proveedores y dem\u00e1s personal vinculado al desarrollo de sus procesos, se compromete a trav\u00e9s de la pol\u00edtica de seguridad y salud en [&hellip;]<\/p>\n","protected":false},"author":2,"featured_media":0,"parent":92,"menu_order":0,"comment_status":"closed","ping_status":"closed","template":"templates\/page-builder-content.php","meta":{"footnotes":""},"class_list":["post-1329","page","type-page","status-publish","hentry"],"_links":{"self":[{"href":"https:\/\/ocunor.com\/index.php\/wp-json\/wp\/v2\/pages\/1329","targetHints":{"allow":["GET"]}}],"collection":[{"href":"https:\/\/ocunor.com\/index.php\/wp-json\/wp\/v2\/pages"}],"about":[{"href":"https:\/\/ocunor.com\/index.php\/wp-json\/wp\/v2\/types\/page"}],"author":[{"embeddable":true,"href":"https:\/\/ocunor.com\/index.php\/wp-json\/wp\/v2\/users\/2"}],"replies":[{"embeddable":true,"href":"https:\/\/ocunor.com\/index.php\/wp-json\/wp\/v2\/comments?post=1329"}],"version-history":[{"count":7,"href":"https:\/\/ocunor.com\/index.php\/wp-json\/wp\/v2\/pages\/1329\/revisions"}],"predecessor-version":[{"id":1338,"href":"https:\/\/ocunor.com\/index.php\/wp-json\/wp\/v2\/pages\/1329\/revisions\/1338"}],"up":[{"embeddable":true,"href":"https:\/\/ocunor.com\/index.php\/wp-json\/wp\/v2\/pages\/92"}],"wp:attachment":[{"href":"https:\/\/ocunor.com\/index.php\/wp-json\/wp\/v2\/media?parent=1329"}],"curies":[{"name":"wp","href":"https:\/\/api.w.org\/{rel}","templated":true}]}}