{"id":763,"date":"2024-03-30T17:12:16","date_gmt":"2024-03-30T17:12:16","guid":{"rendered":"https:\/\/ocunor.com\/?page_id=763"},"modified":"2024-03-30T20:38:58","modified_gmt":"2024-03-30T20:38:58","slug":"servicios","status":"publish","type":"page","link":"https:\/\/ocunor.com\/index.php\/servicios\/","title":{"rendered":"Servicios"},"content":{"rendered":"\t\t<div data-elementor-type=\"wp-page\" data-elementor-id=\"763\" class=\"elementor elementor-763\">\n\t\t\t\t\t\t<section class=\"elementor-section elementor-top-section elementor-element elementor-element-6732e1f elementor-section-boxed elementor-section-height-default elementor-section-height-default\" data-id=\"6732e1f\" data-element_type=\"section\">\n\t\t\t\t\t\t<div class=\"elementor-container elementor-column-gap-default\">\n\t\t\t\t\t<div class=\"elementor-column elementor-col-100 elementor-top-column elementor-element elementor-element-3b98ca3\" data-id=\"3b98ca3\" data-element_type=\"column\">\n\t\t\t<div class=\"elementor-widget-wrap elementor-element-populated\">\n\t\t\t\t\t\t<div class=\"elementor-element elementor-element-6408b19 elementor-widget elementor-widget-heading\" data-id=\"6408b19\" data-element_type=\"widget\" data-widget_type=\"heading.default\">\n\t\t\t\t<div class=\"elementor-widget-container\">\n\t\t\t\t\t<h2 class=\"elementor-heading-title elementor-size-default\">Servicios ofrecidos <\/h2>\t\t\t\t<\/div>\n\t\t\t\t<\/div>\n\t\t\t\t\t<\/div>\n\t\t<\/div>\n\t\t\t\t\t<\/div>\n\t\t<\/section>\n\t\t\t\t<section class=\"elementor-section elementor-top-section elementor-element elementor-element-0103efe elementor-section-boxed elementor-section-height-default elementor-section-height-default\" data-id=\"0103efe\" data-element_type=\"section\">\n\t\t\t\t\t\t<div class=\"elementor-container elementor-column-gap-default\">\n\t\t\t\t\t<div class=\"elementor-column elementor-col-25 elementor-top-column elementor-element elementor-element-ed07e71\" data-id=\"ed07e71\" data-element_type=\"column\">\n\t\t\t<div class=\"elementor-widget-wrap elementor-element-populated\">\n\t\t\t\t\t\t<div class=\"elementor-element elementor-element-3a46138 elementor-widget elementor-widget-heading\" data-id=\"3a46138\" data-element_type=\"widget\" data-widget_type=\"heading.default\">\n\t\t\t\t<div class=\"elementor-widget-container\">\n\t\t\t\t\t<h2 class=\"elementor-heading-title elementor-size-default\">Ex\u00e1menes ocupacionales <\/h2>\t\t\t\t<\/div>\n\t\t\t\t<\/div>\n\t\t\t\t\t<\/div>\n\t\t<\/div>\n\t\t\t\t<div class=\"elementor-column elementor-col-25 elementor-top-column elementor-element elementor-element-05c280e\" data-id=\"05c280e\" data-element_type=\"column\">\n\t\t\t<div class=\"elementor-widget-wrap elementor-element-populated\">\n\t\t\t\t\t\t<div class=\"elementor-element elementor-element-74cbf7d elementor-widget elementor-widget-heading\" data-id=\"74cbf7d\" data-element_type=\"widget\" data-widget_type=\"heading.default\">\n\t\t\t\t<div class=\"elementor-widget-container\">\n\t\t\t\t\t<h2 class=\"elementor-heading-title elementor-size-default\">Medicina en casa <\/h2>\t\t\t\t<\/div>\n\t\t\t\t<\/div>\n\t\t\t\t\t<\/div>\n\t\t<\/div>\n\t\t\t\t<div class=\"elementor-column elementor-col-25 elementor-top-column elementor-element elementor-element-cee60cd\" data-id=\"cee60cd\" data-element_type=\"column\">\n\t\t\t<div class=\"elementor-widget-wrap elementor-element-populated\">\n\t\t\t\t\t\t<div class=\"elementor-element elementor-element-fa097cf elementor-widget elementor-widget-heading\" data-id=\"fa097cf\" data-element_type=\"widget\" data-widget_type=\"heading.default\">\n\t\t\t\t<div class=\"elementor-widget-container\">\n\t\t\t\t\t<h2 class=\"elementor-heading-title elementor-size-default\">Ex\u00e1menes de apoyo diagn\u00f3stico <\/h2>\t\t\t\t<\/div>\n\t\t\t\t<\/div>\n\t\t\t\t\t<\/div>\n\t\t<\/div>\n\t\t\t\t<div class=\"elementor-column elementor-col-25 elementor-top-column elementor-element elementor-element-1f922a6\" data-id=\"1f922a6\" data-element_type=\"column\">\n\t\t\t<div class=\"elementor-widget-wrap elementor-element-populated\">\n\t\t\t\t\t\t<div class=\"elementor-element elementor-element-c543c04 elementor-widget elementor-widget-heading\" data-id=\"c543c04\" data-element_type=\"widget\" data-widget_type=\"heading.default\">\n\t\t\t\t<div class=\"elementor-widget-container\">\n\t\t\t\t\t<h2 class=\"elementor-heading-title elementor-size-default\">Servicios m\u00e9dicos<\/h2>\t\t\t\t<\/div>\n\t\t\t\t<\/div>\n\t\t\t\t\t<\/div>\n\t\t<\/div>\n\t\t\t\t\t<\/div>\n\t\t<\/section>\n\t\t\t\t<section class=\"elementor-section elementor-top-section elementor-element elementor-element-47f9b8c elementor-section-boxed elementor-section-height-default elementor-section-height-default\" data-id=\"47f9b8c\" data-element_type=\"section\">\n\t\t\t\t\t\t<div class=\"elementor-container elementor-column-gap-default\">\n\t\t\t\t\t<div class=\"elementor-column elementor-col-25 elementor-top-column elementor-element elementor-element-cd5f9db\" data-id=\"cd5f9db\" data-element_type=\"column\">\n\t\t\t<div class=\"elementor-widget-wrap elementor-element-populated\">\n\t\t\t\t\t\t<div class=\"elementor-element elementor-element-a764d5e elementor-widget elementor-widget-heading\" data-id=\"a764d5e\" data-element_type=\"widget\" data-widget_type=\"heading.default\">\n\t\t\t\t<div class=\"elementor-widget-container\">\n\t\t\t\t\t<h2 class=\"elementor-heading-title elementor-size-default\">-Ex\u00e1menes  m\u00e9dicos                         pre-ocupacionales de ingreso y egreso.<br><br>\n-Ex\u00e1menes m\u00e9dicos ocupacionales de control peri\u00f3dico.<br><br>\n-Ex\u00e1menes m\u00e9dicos post-ocupacionales.<br><br>\n-Ex\u00e1menes m\u00e9dicos de reintegro laboral.<br><br>\n-Ex\u00e1menes m\u00e9dicos de reubicaci\u00f3n laboral.<br><br>\n-Ex\u00e1menes m\u00e9dicos de alturas.<br><br>\n-Evaluaci\u00f3n de puesto.<br><br>\n-Programas de vigilancia epidemiol\u00f3gica.<br><br>\n-Programas de seguridad y salud en el Trabajo.\n<\/h2>\t\t\t\t<\/div>\n\t\t\t\t<\/div>\n\t\t\t\t\t<\/div>\n\t\t<\/div>\n\t\t\t\t<div class=\"elementor-column elementor-col-25 elementor-top-column elementor-element elementor-element-5ae67ab\" data-id=\"5ae67ab\" data-element_type=\"column\">\n\t\t\t<div class=\"elementor-widget-wrap elementor-element-populated\">\n\t\t\t\t\t\t<div class=\"elementor-element elementor-element-93317b0 elementor-widget elementor-widget-heading\" data-id=\"93317b0\" data-element_type=\"widget\" data-widget_type=\"heading.default\">\n\t\t\t\t<div class=\"elementor-widget-container\">\n\t\t\t\t\t<h2 class=\"elementor-heading-title elementor-size-default\">-Medicina general domiciliaria.<br><br>\n-Terapia f\u00edsica domiciliaria.<br><br>\n-Terapia Respiratoria domiciliaria.<br><br>\n-Terapia de lenguaje domiciliaria.<br><br>\n-Terapia Ocupacional domiciliaria.<br>\n<br>-Nutricionista domiciliario.<br>\n<br>-Psic\u00f3logo domiciliario.<br>\n<br>-Hospitalizaci\u00f3n domiciliaria.<br>\n<br>-Atenci\u00f3n y seguimiento domiciliario para pacientes con enfermedades agudas o cr\u00f3nicas.\n<\/h2>\t\t\t\t<\/div>\n\t\t\t\t<\/div>\n\t\t\t\t\t<\/div>\n\t\t<\/div>\n\t\t\t\t<div class=\"elementor-column elementor-col-25 elementor-top-column elementor-element elementor-element-9328e51\" data-id=\"9328e51\" data-element_type=\"column\">\n\t\t\t<div class=\"elementor-widget-wrap elementor-element-populated\">\n\t\t\t\t\t\t<div class=\"elementor-element elementor-element-29187be elementor-widget elementor-widget-heading\" data-id=\"29187be\" data-element_type=\"widget\" data-widget_type=\"heading.default\">\n\t\t\t\t<div class=\"elementor-widget-container\">\n\t\t\t\t\t<h2 class=\"elementor-heading-title elementor-size-default\">- Visiometr\u00eda.<br><br>\n-Optometr\u00eda.<br><br>\n-Audiometr\u00eda Tamiz.<br><br>\n-Audiometr\u00eda cl\u00ednica.<br><br>\n-Espirometr\u00eda Tamiz.<br><br>\n-Espirometr\u00eda Cl\u00ednicas.<br><br>\n-Electrocardiogramas.<br><br>\n-Examen de masa muscular.<br><br>\n-Examen movilidad articular.<br><br>\n-Rehabilitaci\u00f3n f\u00edsica.<br><br>\n-Tamizaje de Riesgo Cardiovascular.<br><br>\n-Psicosensiometria.<br><br>\n-16 Pf Test de Personalidad.<br><br>\n-Bater\u00edas Psicosociales.<br><br>\n-Realizamos profesiograma.<br><br>\n-Realizamos manual de funciones y descripci\u00f3n de cargos.<br><br>\n-Laboratorio Cl\u00ednico (Alianza Estrat\u00e9gica).<br><br>\n-Diagn\u00f3stico de im\u00e1genes (Alianza Estrat\u00e9gica)\n<\/h2>\t\t\t\t<\/div>\n\t\t\t\t<\/div>\n\t\t\t\t\t<\/div>\n\t\t<\/div>\n\t\t\t\t<div class=\"elementor-column elementor-col-25 elementor-top-column elementor-element elementor-element-216b3f2\" data-id=\"216b3f2\" data-element_type=\"column\">\n\t\t\t<div class=\"elementor-widget-wrap elementor-element-populated\">\n\t\t\t\t\t\t<div class=\"elementor-element elementor-element-9877e7c elementor-widget elementor-widget-heading\" data-id=\"9877e7c\" data-element_type=\"widget\" data-widget_type=\"heading.default\">\n\t\t\t\t<div class=\"elementor-widget-container\">\n\t\t\t\t\t<h2 class=\"elementor-heading-title elementor-size-default\">-Medicina general.<br><br>\n-Psicolog\u00eda.<br><br>\n-Fonoaudiolog\u00eda.<br><br>\n-Optometr\u00eda.<br><br>\n-Fisioterapia y rehabilitaci\u00f3n.<br><br>\n-Promoci\u00f3n y prevenci\u00f3n.<br><br>\n-Nutrici\u00f3n.\n<\/h2>\t\t\t\t<\/div>\n\t\t\t\t<\/div>\n\t\t\t\t\t<\/div>\n\t\t<\/div>\n\t\t\t\t\t<\/div>\n\t\t<\/section>\n\t\t\t\t<\/div>\n\t\t","protected":false},"excerpt":{"rendered":"<p>Servicios ofrecidos Ex\u00e1menes ocupacionales Medicina en casa Ex\u00e1menes de apoyo diagn\u00f3stico Servicios m\u00e9dicos -Ex\u00e1menes m\u00e9dicos pre-ocupacionales de ingreso y egreso. -Ex\u00e1menes m\u00e9dicos ocupacionales de control peri\u00f3dico. -Ex\u00e1menes m\u00e9dicos post-ocupacionales. -Ex\u00e1menes m\u00e9dicos de reintegro laboral. -Ex\u00e1menes m\u00e9dicos de reubicaci\u00f3n laboral. -Ex\u00e1menes m\u00e9dicos de alturas. -Evaluaci\u00f3n de puesto. -Programas de vigilancia epidemiol\u00f3gica. -Programas de seguridad y salud [&hellip;]<\/p>\n","protected":false},"author":2,"featured_media":0,"parent":0,"menu_order":0,"comment_status":"closed","ping_status":"closed","template":"","meta":{"footnotes":""},"class_list":["post-763","page","type-page","status-publish","hentry"],"_links":{"self":[{"href":"https:\/\/ocunor.com\/index.php\/wp-json\/wp\/v2\/pages\/763","targetHints":{"allow":["GET"]}}],"collection":[{"href":"https:\/\/ocunor.com\/index.php\/wp-json\/wp\/v2\/pages"}],"about":[{"href":"https:\/\/ocunor.com\/index.php\/wp-json\/wp\/v2\/types\/page"}],"author":[{"embeddable":true,"href":"https:\/\/ocunor.com\/index.php\/wp-json\/wp\/v2\/users\/2"}],"replies":[{"embeddable":true,"href":"https:\/\/ocunor.com\/index.php\/wp-json\/wp\/v2\/comments?post=763"}],"version-history":[{"count":13,"href":"https:\/\/ocunor.com\/index.php\/wp-json\/wp\/v2\/pages\/763\/revisions"}],"predecessor-version":[{"id":800,"href":"https:\/\/ocunor.com\/index.php\/wp-json\/wp\/v2\/pages\/763\/revisions\/800"}],"wp:attachment":[{"href":"https:\/\/ocunor.com\/index.php\/wp-json\/wp\/v2\/media?parent=763"}],"curies":[{"name":"wp","href":"https:\/\/api.w.org\/{rel}","templated":true}]}}